{"id":25757,"date":"2022-11-30T01:45:09","date_gmt":"2022-11-30T00:45:09","guid":{"rendered":"https:\/\/www.memoiresdor.fr\/?page_id=25757"},"modified":"2023-03-13T18:46:35","modified_gmt":"2023-03-13T17:46:35","slug":"biographies-individuelles","status":"publish","type":"page","link":"https:\/\/www.memoiresdor.fr\/index.php\/biographies-individuelles\/","title":{"rendered":"Biographies individuelles"},"content":{"rendered":"<p>[et_pb_section fb_built=&#8221;1&#8243; custom_padding_last_edited=&#8221;on|phone&#8221; _builder_version=&#8221;4.14.1&#8243; _module_preset=&#8221;default&#8221; background_color=&#8221;#286cb5&#8243; custom_margin=&#8221;||-105px||false|false&#8221; custom_padding=&#8221;8px||8px||true|false&#8221; custom_padding_tablet=&#8221;8px||100px||false|false&#8221; custom_padding_phone=&#8221;||100px||false|false&#8221; sticky_position=&#8221;top&#8221; sticky_position_tablet=&#8221;none&#8221; sticky_position_phone=&#8221;none&#8221; sticky_position_last_edited=&#8221;on|tablet&#8221; locked=&#8221;off&#8221; global_colors_info=&#8221;{}&#8221;][et_pb_row column_structure=&#8221;1_2,1_2&#8243; use_custom_gutter=&#8221;on&#8221; gutter_width=&#8221;1&#8243; module_class=&#8221;two-columns&#8221; _builder_version=&#8221;4.14.1&#8243; _module_preset=&#8221;default&#8221; width=&#8221;90%&#8221; width_tablet=&#8221;95%&#8221; width_phone=&#8221;98%&#8221; width_last_edited=&#8221;on|tablet&#8221; max_width=&#8221;90%&#8221; max_width_tablet=&#8221;95%&#8221; max_width_phone=&#8221;98%&#8221; max_width_last_edited=&#8221;on|phone&#8221; custom_padding=&#8221;0px||0px||false|false&#8221; global_colors_info=&#8221;{}&#8221;][et_pb_column type=&#8221;1_2&#8243; _builder_version=&#8221;4.14.1&#8243; _module_preset=&#8221;default&#8221; global_colors_info=&#8221;{}&#8221;][et_pb_image src=&#8221;https:\/\/www.memoiresdor.fr\/wp-content\/uploads\/2022\/08\/Logo-memoires-dor-tagline3.png&#8221; title_text=&#8221;Logo-memoires-dor-tagline3&#8243; url=&#8221;\/&#8221; align_tablet=&#8221;center&#8221; align_phone=&#8221;center&#8221; align_last_edited=&#8221;on|tablet&#8221; _builder_version=&#8221;4.14.1&#8243; _module_preset=&#8221;default&#8221; max_width=&#8221;230px&#8221; max_width_tablet=&#8221;200px&#8221; max_width_phone=&#8221;150px&#8221; max_width_last_edited=&#8221;on|phone&#8221; module_alignment=&#8221;left&#8221; custom_margin_tablet=&#8221;&#8221; custom_margin_phone=&#8221;||0px||false|false&#8221; custom_margin_last_edited=&#8221;on|phone&#8221; custom_padding_tablet=&#8221;&#8221; custom_padding_phone=&#8221;||0px||false|false&#8221; custom_padding_last_edited=&#8221;on|phone&#8221; module_alignment_tablet=&#8221;center&#8221; module_alignment_phone=&#8221;center&#8221; module_alignment_last_edited=&#8221;on|tablet&#8221; global_colors_info=&#8221;{}&#8221;][\/et_pb_image][\/et_pb_column][et_pb_column type=&#8221;1_2&#8243; _builder_version=&#8221;4.14.1&#8243; _module_preset=&#8221;default&#8221; global_colors_info=&#8221;{}&#8221;][et_pb_text _builder_version=&#8221;4.14.1&#8243; _module_preset=&#8221;default&#8221; text_font=&#8221;|700|||||||&#8221; text_line_height=&#8221;0.3em&#8221; link_text_color=&#8221;#0A0000&#8243; background_color=&#8221;#FCCA26&#8243; text_orientation=&#8221;center&#8221; max_width=&#8221;330px&#8221; max_width_tablet=&#8221;310px&#8221; max_width_phone=&#8221;220px&#8221; max_width_last_edited=&#8221;on|phone&#8221; module_alignment=&#8221;right&#8221; custom_margin=&#8221;2%||||false|false&#8221; custom_padding=&#8221;16px|10px|15px|10px|false|true&#8221; custom_padding_tablet=&#8221;10px|10px|10px|10px|false|true&#8221; custom_padding_phone=&#8221;0px|0px|0px|0px|true|true&#8221; custom_padding_last_edited=&#8221;on|phone&#8221; hover_enabled=&#8221;0&#8243; text_font_size_tablet=&#8221;&#8221; text_font_size_phone=&#8221;12px&#8221; text_font_size_last_edited=&#8221;on|phone&#8221; module_alignment_tablet=&#8221;center&#8221; module_alignment_phone=&#8221;center&#8221; module_alignment_last_edited=&#8221;on|tablet&#8221; border_radii=&#8221;on|30px|30px|30px|30px&#8221; global_colors_info=&#8221;{}&#8221; background__hover_enabled=&#8221;on|desktop&#8221; background_color__hover=&#8221;#F5E929&#8243; background_enable_color__hover=&#8221;on&#8221; sticky_enabled=&#8221;0&#8243; locked=&#8221;off&#8221;]<\/p>\n<p>Contactez-nous : <a href=\"tel:0183623690\">01 83 62 36 90<\/a><\/p>\n<p><a href=\"mailto:contact@memoiresdor.fr\">contact@memoiresdor.fr<\/a><\/p>\n<p>[\/et_pb_text][\/et_pb_column][\/et_pb_row][\/et_pb_section][et_pb_section fb_built=&#8221;1&#8243; custom_padding_last_edited=&#8221;on|phone&#8221; _builder_version=&#8221;4.14.1&#8243; _module_preset=&#8221;default&#8221; background_color=&#8221;#286cb5&#8243; custom_padding=&#8221;150px||||false|false&#8221; custom_padding_tablet=&#8221;50px||||false|false&#8221; custom_padding_phone=&#8221;30px||||false|false&#8221; global_colors_info=&#8221;{}&#8221;][et_pb_row _builder_version=&#8221;4.14.1&#8243; _module_preset=&#8221;default&#8221; custom_padding=&#8221;||0px|||&#8221; global_colors_info=&#8221;{}&#8221;][et_pb_column type=&#8221;4_4&#8243; _builder_version=&#8221;4.14.1&#8243; _module_preset=&#8221;default&#8221; global_colors_info=&#8221;{}&#8221;][et_pb_text _builder_version=&#8221;4.14.1&#8243; _module_preset=&#8221;default&#8221; header_text_align=&#8221;center&#8221; header_text_color=&#8221;#FFFFFF&#8221; header_line_height=&#8221;1.3em&#8221; header_font_size_tablet=&#8221;28px&#8221; header_font_size_phone=&#8221;24px&#8221; header_font_size_last_edited=&#8221;on|phone&#8221; global_colors_info=&#8221;{}&#8221;]<\/p>\n<h1>M\u00e9moires d\u2019Or, biographe d\u2019entreprises, \u00e9dite aussi des biographies et des autobiographies de personnes ayant marqu\u00e9 leur temps<\/h1>\n<p>[\/et_pb_text][\/et_pb_column][\/et_pb_row][\/et_pb_section][et_pb_section fb_built=&#8221;1&#8243; _builder_version=&#8221;4.14.1&#8243; _module_preset=&#8221;default&#8221; use_background_color_gradient=&#8221;on&#8221; background_color_gradient_start=&#8221;#286cb5&#8243; background_color_gradient_end=&#8221;#ffffff&#8221; background_color_gradient_start_position=&#8221;25%&#8221; background_color_gradient_end_position=&#8221;25%&#8221; custom_padding=&#8221;0px|||||&#8221; global_colors_info=&#8221;{}&#8221;][et_pb_row column_structure=&#8221;1_2,1_2&#8243; use_custom_gutter=&#8221;on&#8221; gutter_width=&#8221;2&#8243; make_equal=&#8221;on&#8221; _builder_version=&#8221;4.14.1&#8243; _module_preset=&#8221;default&#8221; custom_padding=&#8221;0px|||||&#8221; locked=&#8221;off&#8221; global_colors_info=&#8221;{}&#8221;][et_pb_column type=&#8221;1_2&#8243; _builder_version=&#8221;4.14.1&#8243; _module_preset=&#8221;default&#8221; global_colors_info=&#8221;{}&#8221;][et_pb_image src=&#8221;https:\/\/www.memoiresdor.fr\/wp-content\/uploads\/2022\/11\/Memoire-D-or-image-profile-Jean-Auroux.jpg&#8221; title_text=&#8221;Memoire-D-or-image-profile-Jean-Auroux&#8221; align_tablet=&#8221;center&#8221; align_phone=&#8221;center&#8221; align_last_edited=&#8221;on|tablet&#8221; _builder_version=&#8221;4.14.1&#8243; _module_preset=&#8221;default&#8221; global_colors_info=&#8221;{}&#8221;][\/et_pb_image][\/et_pb_column][et_pb_column type=&#8221;1_2&#8243; _builder_version=&#8221;4.14.1&#8243; _module_preset=&#8221;default&#8221; global_colors_info=&#8221;{}&#8221;][et_pb_image src=&#8221;https:\/\/www.memoiresdor.fr\/wp-content\/uploads\/2022\/11\/Memoire-D-or-Couverture-Jean-Auroux.jpg&#8221; title_text=&#8221;Memoire-D-or-Couverture-Jean-Auroux&#8221; align_tablet=&#8221;center&#8221; align_phone=&#8221;center&#8221; align_last_edited=&#8221;on|tablet&#8221; _builder_version=&#8221;4.14.1&#8243; _module_preset=&#8221;default&#8221; global_colors_info=&#8221;{}&#8221;][\/et_pb_image][\/et_pb_column][\/et_pb_row][et_pb_row custom_padding_last_edited=&#8221;on|phone&#8221; _builder_version=&#8221;4.14.1&#8243; _module_preset=&#8221;default&#8221; custom_padding_tablet=&#8221;10px||10px||false|false&#8221; custom_padding_phone=&#8221;10px||10px||false|false&#8221; global_colors_info=&#8221;{}&#8221;][et_pb_column type=&#8221;4_4&#8243; _builder_version=&#8221;4.14.1&#8243; _module_preset=&#8221;default&#8221; global_colors_info=&#8221;{}&#8221;][et_pb_text _builder_version=&#8221;4.14.1&#8243; _module_preset=&#8221;default&#8221; global_colors_info=&#8221;{}&#8221;]<\/p>\n<p>De la petite ferme familiale de Mardore, dans le Rh\u00f4ne, aux minist\u00e8res de la 5e R\u00e9publique, suivez le parcours tr\u00e9pidant de Jean Auroux, le ministre \u00e0 qui l\u2019on doit la grande r\u00e9forme du Code du travail de 1982, la finalisation du projet du tunnel sous la Manche, ou encore la conduite accompagn\u00e9e \u00e0 partir de 16 ans !<\/p>\n<p>Professeur de lettres aux m\u00e9thodes innovantes, militant syndical, le voil\u00e0 d\u00e9sign\u00e9 presque par hasard pour les \u00e9lections cantonales de 1976, et \u00e9lu plus jeune conseiller g\u00e9n\u00e9ral de la Loire. Emport\u00e9 par son \u00e9lan, il est bient\u00f4t maire de Roanne, d\u00e9put\u00e9, puis nomm\u00e9 par Fran\u00e7ois Mitterrand tour \u00e0 tour ministre du Travail, ministre de l\u2019Energie, et ministre des Transports et de l\u2019Equipement.<\/p>\n<p>Son parcours se poursuit aujourd\u2019hui, entre engagement dans la formation, promotion du dialogue social, et mise en valeur des villes moyennes de France, avec toujours le souci du bien commun et d\u2019aider les plus d\u00e9munis.<\/p>\n<p>Attach\u00e9 \u00e0 son terroir lig\u00e9rien, il en d\u00e9crit avec passion et humour les for\u00eats et les cours d\u2019eau comme les habitants et leurs entreprises agricoles, artisanales, industrielles et sociales.<\/p>\n<p>Une vie et une autobiographie men\u00e9es tambour battant !<\/p>\n<p>[\/et_pb_text][\/et_pb_column][\/et_pb_row][et_pb_row column_structure=&#8221;1_3,1_3,1_3&#8243; use_custom_gutter=&#8221;on&#8221; gutter_width=&#8221;2&#8243; _builder_version=&#8221;4.14.1&#8243; _module_preset=&#8221;default&#8221; global_colors_info=&#8221;{}&#8221;][et_pb_column type=&#8221;1_3&#8243; _builder_version=&#8221;4.14.1&#8243; _module_preset=&#8221;default&#8221; global_colors_info=&#8221;{}&#8221;][et_pb_image src=&#8221;https:\/\/www.memoiresdor.fr\/wp-content\/uploads\/2022\/11\/Memoire-D-or-image-La-ferme-familiale-de-Mardore.jpg&#8221; title_text=&#8221;Memoire-D-or-image-La-ferme-familiale-de-Mardore&#8221; _builder_version=&#8221;4.14.1&#8243; _module_preset=&#8221;default&#8221; custom_margin=&#8221;||0px||false|false&#8221; custom_padding=&#8221;||10px||false|false&#8221; global_colors_info=&#8221;{}&#8221;][\/et_pb_image][et_pb_text _builder_version=&#8221;4.14.1&#8243; _module_preset=&#8221;default&#8221; text_font=&#8221;||on||||||&#8221; text_orientation=&#8221;center&#8221; global_colors_info=&#8221;{}&#8221;]La ferme familiale de Mardore[\/et_pb_text][\/et_pb_column][et_pb_column type=&#8221;1_3&#8243; _builder_version=&#8221;4.14.1&#8243; _module_preset=&#8221;default&#8221; global_colors_info=&#8221;{}&#8221;][et_pb_image src=&#8221;https:\/\/www.memoiresdor.fr\/wp-content\/uploads\/2022\/11\/Memoire-D-or-image-Jean-Auroux-avec-sa-salle-de-classe.jpg&#8221; title_text=&#8221;Memoire-D-or-image-Jean-Auroux-avec-sa-salle-de-classe&#8221; _builder_version=&#8221;4.14.1&#8243; _module_preset=&#8221;default&#8221; custom_margin=&#8221;||0px||false|false&#8221; custom_padding=&#8221;||10px||false|false&#8221; global_colors_info=&#8221;{}&#8221;][\/et_pb_image][et_pb_text _builder_version=&#8221;4.14.1&#8243; _module_preset=&#8221;default&#8221; text_font=&#8221;||on||||||&#8221; text_orientation=&#8221;center&#8221; global_colors_info=&#8221;{}&#8221;]Le Professeur de lettres et sa classe[\/et_pb_text][\/et_pb_column][et_pb_column type=&#8221;1_3&#8243; _builder_version=&#8221;4.14.1&#8243; _module_preset=&#8221;default&#8221; global_colors_info=&#8221;{}&#8221;][et_pb_image src=&#8221;https:\/\/www.memoiresdor.fr\/wp-content\/uploads\/2022\/11\/Memoire-D-or-image-Jean-Auroux-avec-Francois-Mitterrand.jpg&#8221; title_text=&#8221;Memoire-D-or-image-Jean-Auroux-avec-Fran\u00e7ois-Mitterrand&#8221; _builder_version=&#8221;4.14.1&#8243; _module_preset=&#8221;default&#8221; custom_margin=&#8221;||0px||false|false&#8221; custom_padding=&#8221;||10px||false|false&#8221; global_colors_info=&#8221;{}&#8221;][\/et_pb_image][et_pb_text _builder_version=&#8221;4.14.1&#8243; _module_preset=&#8221;default&#8221; text_font=&#8221;||on||||||&#8221; text_orientation=&#8221;center&#8221; global_colors_info=&#8221;{}&#8221;]Le Pr\u00e9sident et son Ministre[\/et_pb_text][\/et_pb_column][\/et_pb_row][\/et_pb_section][et_pb_section fb_built=&#8221;1&#8243; prev_background_color=&#8221;#ffffff&#8221; _builder_version=&#8221;4.14.1&#8243; _module_preset=&#8221;default&#8221; background_image=&#8221;https:\/\/www.memoiresdor.fr\/wp-content\/uploads\/2021\/11\/Claude-Monet-fotolia.jpg&#8221; parallax=&#8221;on&#8221; top_divider_style=&#8221;waves&#8221; top_divider_height=&#8221;50px&#8221; background_last_edited=&#8221;on|tablet&#8221; parallax_tablet=&#8221;off&#8221; locked=&#8221;off&#8221; global_colors_info=&#8221;{}&#8221;][et_pb_row _builder_version=&#8221;4.14.1&#8243; _module_preset=&#8221;default&#8221; custom_padding=&#8221;145px||145px||true|&#8221; global_colors_info=&#8221;{}&#8221;][et_pb_column type=&#8221;4_4&#8243; _builder_version=&#8221;4.14.1&#8243; _module_preset=&#8221;default&#8221; global_colors_info=&#8221;{}&#8221;][\/et_pb_column][\/et_pb_row][\/et_pb_section][et_pb_section fb_built=&#8221;1&#8243; _builder_version=&#8221;4.14.1&#8243; _module_preset=&#8221;default&#8221; background_color=&#8221;RGBA(255,255,255,0)&#8221; custom_padding=&#8221;0px|||||&#8221; locked=&#8221;off&#8221; global_colors_info=&#8221;{}&#8221;][et_pb_row _builder_version=&#8221;4.14.1&#8243; _module_preset=&#8221;default&#8221; background_color=&#8221;#FFFFFF&#8221; background_image=&#8221;https:\/\/www.memoiresdor.fr\/wp-content\/uploads\/2021\/11\/pattern_waves-2.png&#8221; custom_margin=&#8221;-100px||||false|false&#8221; custom_padding=&#8221;4%|3.5%|4%|3.5%|true|true&#8221; hover_enabled=&#8221;0&#8243; border_radii=&#8221;on|10px|10px|10px|10px&#8221; box_shadow_style=&#8221;preset1&#8243; box_shadow_color=&#8221;rgba(10,0,0,0.05)&#8221; global_colors_info=&#8221;{}&#8221; width_last_edited=&#8221;on|phone&#8221; sticky_enabled=&#8221;0&#8243; width_phone=&#8221;90%&#8221; locked=&#8221;off&#8221;][et_pb_column type=&#8221;4_4&#8243; _builder_version=&#8221;4.14.1&#8243; _module_preset=&#8221;default&#8221; global_colors_info=&#8221;{}&#8221;][et_pb_text _builder_version=&#8221;4.14.1&#8243; _module_preset=&#8221;default&#8221; text_font=&#8221;||on||||||&#8221; text_text_color=&#8221;#0A0000&#8243; text_font_size=&#8221;24px&#8221; text_line_height=&#8221;1.4em&#8221; max_width=&#8221;840px&#8221; module_alignment=&#8221;center&#8221; custom_margin=&#8221;||0px||false|false&#8221; custom_padding=&#8221;||14px||false|false&#8221; hover_enabled=&#8221;0&#8243; global_colors_info=&#8221;{}&#8221; sticky_enabled=&#8221;0&#8243; text_orientation=&#8221;center&#8221; link_font=&#8221;||||on|||#0A0000|&#8221; link_text_color=&#8221;#0A0000&#8243; text_font_size_last_edited=&#8221;on|phone&#8221; text_font_size_tablet=&#8221;22px&#8221; text_font_size_phone=&#8221;18px&#8221; max_width_last_edited=&#8221;on|phone&#8221; max_width_phone=&#8221;320px&#8221; max_width_tablet=&#8221;840px&#8221;]<\/p>\n<p>Si vous avez la moindre question, appelez-nous d\u00e8s aujourd\u2019hui au <a href=\"tel:0183623690\">01 83 62 36 90<\/a> ou \u00e9crivez-nous \u00e0 <a href=\"mailto:contact@memoiresdor.fr\" target=\"_blank\" rel=\"noopener\">contact@memoiresdor.fr<\/a><\/p>\n<p>[\/et_pb_text][et_pb_text _builder_version=&#8221;4.14.1&#8243; _module_preset=&#8221;default&#8221; text_font=&#8221;||on||||||&#8221; text_text_color=&#8221;#A6A049&#8243; text_orientation=&#8221;center&#8221; hover_enabled=&#8221;0&#8243; global_colors_info=&#8221;{}&#8221; sticky_enabled=&#8221;0&#8243;]M\u00e9moires d&#8217;Or, 16 boulevard Saint-Germain, 75005 Paris[\/et_pb_text][\/et_pb_column][\/et_pb_row][\/et_pb_section]<\/p>\n","protected":false},"excerpt":{"rendered":"<p>Contactez-nous : 01 83 62 36 90 contact@memoiresdor.frM\u00e9moires d\u2019Or, biographe d\u2019entreprises, \u00e9dite aussi des biographies et des autobiographies de personnes ayant marqu\u00e9 leur tempsDe la petite ferme familiale de Mardore, dans le Rh\u00f4ne, aux minist\u00e8res de la 5e R\u00e9publique, suivez le parcours tr\u00e9pidant de Jean Auroux, le ministre \u00e0 qui l\u2019on doit la grande r\u00e9forme [&hellip;]<\/p>\n","protected":false},"author":2,"featured_media":0,"parent":0,"menu_order":0,"comment_status":"closed","ping_status":"closed","template":"page-template-blank.php","meta":{"_et_pb_use_builder":"on","_et_pb_old_content":"<!-- wp:divi\/placeholder \/-->","_et_gb_content_width":"","footnotes":""},"_links":{"self":[{"href":"https:\/\/www.memoiresdor.fr\/index.php\/wp-json\/wp\/v2\/pages\/25757"}],"collection":[{"href":"https:\/\/www.memoiresdor.fr\/index.php\/wp-json\/wp\/v2\/pages"}],"about":[{"href":"https:\/\/www.memoiresdor.fr\/index.php\/wp-json\/wp\/v2\/types\/page"}],"author":[{"embeddable":true,"href":"https:\/\/www.memoiresdor.fr\/index.php\/wp-json\/wp\/v2\/users\/2"}],"replies":[{"embeddable":true,"href":"https:\/\/www.memoiresdor.fr\/index.php\/wp-json\/wp\/v2\/comments?post=25757"}],"version-history":[{"count":26,"href":"https:\/\/www.memoiresdor.fr\/index.php\/wp-json\/wp\/v2\/pages\/25757\/revisions"}],"predecessor-version":[{"id":25822,"href":"https:\/\/www.memoiresdor.fr\/index.php\/wp-json\/wp\/v2\/pages\/25757\/revisions\/25822"}],"wp:attachment":[{"href":"https:\/\/www.memoiresdor.fr\/index.php\/wp-json\/wp\/v2\/media?parent=25757"}],"curies":[{"name":"wp","href":"https:\/\/api.w.org\/{rel}","templated":true}]}}